{"id":3,"date":"2023-02-24T15:08:11","date_gmt":"2023-02-24T15:08:11","guid":{"rendered":"https:\/\/hotelzlatavaha.ms.decms.eu\/sample-page\/"},"modified":"2023-03-03T11:00:58","modified_gmt":"2023-03-03T11:00:58","slug":"sample-page","status":"publish","type":"page","link":"https:\/\/www.zlatavaha.cz\/en\/","title":{"rendered":"Hotel Zlat\u00e1 V\u00e1ha"},"content":{"rendered":"\r\n<p><span style=\"font-weight: 400;\">Hotel Zlat\u00e1 V\u00e1ha is the right place for anyone seeking accommodation the very centre of Prague, a rich breakfast in the form of buffet and a friendly staff. A beneficial ratio between price and quality of the services we provide and the accommodation in one of our 92 rooms together with great transport availability are some of the big advantages of Hotel Zlat\u00e1 V\u00e1ha. Many shops, restaurants and sights are situated in the near of the hotel. History of the house and of the whole Senov\u00e1\u017en\u00e9 n\u00e1m\u011bst\u00ed goes back to 1348, when it used to be a hay and cereal market.<\/span><\/p>\r\n","protected":false},"excerpt":{"rendered":"<p>Hotel Zlat\u00e1 V\u00e1ha is the right place for anyone seeking accommodation the very centre of Prague, a rich breakfast in the form of buffet and a friendly staff. A beneficial ratio between price and quality of the services we provide and the accommodation in one of our 92 rooms together with great transport availability are [&hellip;]<\/p>\n","protected":false},"author":119,"featured_media":0,"parent":0,"menu_order":0,"comment_status":"closed","ping_status":"closed","template":"","meta":{"footnotes":""},"class_list":["post-3","page","type-page","status-publish","hentry"],"yoast_head":"<!-- This site is optimized with the Yoast SEO plugin v26.9 - https:\/\/yoast.com\/product\/yoast-seo-wordpress\/ -->\n<title>Hotel Zlat\u00e1 V\u00e1ha - Hotel Zlat\u00e1 V\u00e1ha<\/title>\n<meta name=\"description\" content=\"Hotel Zlat\u00e1 V\u00e1ha is the right place for anyone seeking accommodation the very centre of Prague, a rich breakfast in the form of buffet and a friendly staff. A beneficial ratio between price and quality of the services we provide and the accommodation in one of our 92 rooms together with great transport availability are some of the big advantages of Hotel Zlat\u00e1 V\u00e1ha\" \/>\n<meta name=\"robots\" content=\"noindex, follow, max-snippet:-1, max-image-preview:large, max-video-preview:-1\" \/>\n<meta property=\"og:locale\" content=\"en_US\" \/>\n<meta property=\"og:type\" content=\"article\" \/>\n<meta property=\"og:title\" content=\"Hotel Zlat\u00e1 V\u00e1ha - Hotel Zlat\u00e1 V\u00e1ha\" \/>\n<meta property=\"og:description\" content=\"Hotel Zlat\u00e1 V\u00e1ha is the right place for anyone seeking accommodation the very centre of Prague, a rich breakfast in the form of buffet and a friendly staff. A beneficial ratio between price and quality of the services we provide and the accommodation in one of our 92 rooms together with great transport availability are some of the big advantages of Hotel Zlat\u00e1 V\u00e1ha\" \/>\n<meta property=\"og:url\" content=\"https:\/\/www.zlatavaha.cz\/en\/\" \/>\n<meta property=\"og:site_name\" content=\"Hotel Zlat\u00e1 V\u00e1ha\" \/>\n<meta property=\"article:modified_time\" content=\"2023-03-03T11:00:58+00:00\" \/>\n<meta name=\"twitter:card\" content=\"summary_large_image\" \/>\n<meta name=\"twitter:label1\" content=\"Est. reading time\" \/>\n\t<meta name=\"twitter:data1\" content=\"1 minute\" \/>\n<script type=\"application\/ld+json\" class=\"yoast-schema-graph\">{\"@context\":\"https:\/\/schema.org\",\"@graph\":[{\"@type\":\"WebPage\",\"@id\":\"https:\/\/www.zlatavaha.cz\/en\/\",\"url\":\"https:\/\/www.zlatavaha.cz\/en\/\",\"name\":\"Hotel Zlat\u00e1 V\u00e1ha - Hotel Zlat\u00e1 V\u00e1ha\",\"isPartOf\":{\"@id\":\"https:\/\/www.zlatavaha.cz\/en\/#website\"},\"datePublished\":\"2023-02-24T15:08:11+00:00\",\"dateModified\":\"2023-03-03T11:00:58+00:00\",\"description\":\"Hotel Zlat\u00e1 V\u00e1ha is the right place for anyone seeking accommodation the very centre of Prague, a rich breakfast in the form of buffet and a friendly staff. A beneficial ratio between price and quality of the services we provide and the accommodation in one of our 92 rooms together with great transport availability are some of the big advantages of Hotel Zlat\u00e1 V\u00e1ha\",\"breadcrumb\":{\"@id\":\"https:\/\/www.zlatavaha.cz\/en\/#breadcrumb\"},\"inLanguage\":\"en-US\",\"potentialAction\":[{\"@type\":\"ReadAction\",\"target\":[\"https:\/\/www.zlatavaha.cz\/en\/\"]}]},{\"@type\":\"BreadcrumbList\",\"@id\":\"https:\/\/www.zlatavaha.cz\/en\/#breadcrumb\",\"itemListElement\":[{\"@type\":\"ListItem\",\"position\":1,\"name\":\"Home\",\"item\":\"https:\/\/www.zlatavaha.cz\/en\/\"},{\"@type\":\"ListItem\",\"position\":2,\"name\":\"Hotel Zlat\u00e1 V\u00e1ha\"}]},{\"@type\":\"WebSite\",\"@id\":\"https:\/\/www.zlatavaha.cz\/en\/#website\",\"url\":\"https:\/\/www.zlatavaha.cz\/en\/\",\"name\":\"Hotel Zlat\u00e1 V\u00e1ha\",\"description\":\"\",\"potentialAction\":[{\"@type\":\"SearchAction\",\"target\":{\"@type\":\"EntryPoint\",\"urlTemplate\":\"https:\/\/www.zlatavaha.cz\/en\/?s={search_term_string}\"},\"query-input\":{\"@type\":\"PropertyValueSpecification\",\"valueRequired\":true,\"valueName\":\"search_term_string\"}}],\"inLanguage\":\"en-US\"}]}<\/script>\n<!-- \/ Yoast SEO plugin. -->","yoast_head_json":{"title":"Hotel Zlat\u00e1 V\u00e1ha - Hotel Zlat\u00e1 V\u00e1ha","description":"Hotel Zlat\u00e1 V\u00e1ha is the right place for anyone seeking accommodation the very centre of Prague, a rich breakfast in the form of buffet and a friendly staff. A beneficial ratio between price and quality of the services we provide and the accommodation in one of our 92 rooms together with great transport availability are some of the big advantages of Hotel Zlat\u00e1 V\u00e1ha","robots":{"index":"noindex","follow":"follow","max-snippet":"max-snippet:-1","max-image-preview":"max-image-preview:large","max-video-preview":"max-video-preview:-1"},"og_locale":"en_US","og_type":"article","og_title":"Hotel Zlat\u00e1 V\u00e1ha - Hotel Zlat\u00e1 V\u00e1ha","og_description":"Hotel Zlat\u00e1 V\u00e1ha is the right place for anyone seeking accommodation the very centre of Prague, a rich breakfast in the form of buffet and a friendly staff. A beneficial ratio between price and quality of the services we provide and the accommodation in one of our 92 rooms together with great transport availability are some of the big advantages of Hotel Zlat\u00e1 V\u00e1ha","og_url":"https:\/\/www.zlatavaha.cz\/en\/","og_site_name":"Hotel Zlat\u00e1 V\u00e1ha","article_modified_time":"2023-03-03T11:00:58+00:00","twitter_card":"summary_large_image","twitter_misc":{"Est. reading time":"1 minute"},"schema":{"@context":"https:\/\/schema.org","@graph":[{"@type":"WebPage","@id":"https:\/\/www.zlatavaha.cz\/en\/","url":"https:\/\/www.zlatavaha.cz\/en\/","name":"Hotel Zlat\u00e1 V\u00e1ha - Hotel Zlat\u00e1 V\u00e1ha","isPartOf":{"@id":"https:\/\/www.zlatavaha.cz\/en\/#website"},"datePublished":"2023-02-24T15:08:11+00:00","dateModified":"2023-03-03T11:00:58+00:00","description":"Hotel Zlat\u00e1 V\u00e1ha is the right place for anyone seeking accommodation the very centre of Prague, a rich breakfast in the form of buffet and a friendly staff. A beneficial ratio between price and quality of the services we provide and the accommodation in one of our 92 rooms together with great transport availability are some of the big advantages of Hotel Zlat\u00e1 V\u00e1ha","breadcrumb":{"@id":"https:\/\/www.zlatavaha.cz\/en\/#breadcrumb"},"inLanguage":"en-US","potentialAction":[{"@type":"ReadAction","target":["https:\/\/www.zlatavaha.cz\/en\/"]}]},{"@type":"BreadcrumbList","@id":"https:\/\/www.zlatavaha.cz\/en\/#breadcrumb","itemListElement":[{"@type":"ListItem","position":1,"name":"Home","item":"https:\/\/www.zlatavaha.cz\/en\/"},{"@type":"ListItem","position":2,"name":"Hotel Zlat\u00e1 V\u00e1ha"}]},{"@type":"WebSite","@id":"https:\/\/www.zlatavaha.cz\/en\/#website","url":"https:\/\/www.zlatavaha.cz\/en\/","name":"Hotel Zlat\u00e1 V\u00e1ha","description":"","potentialAction":[{"@type":"SearchAction","target":{"@type":"EntryPoint","urlTemplate":"https:\/\/www.zlatavaha.cz\/en\/?s={search_term_string}"},"query-input":{"@type":"PropertyValueSpecification","valueRequired":true,"valueName":"search_term_string"}}],"inLanguage":"en-US"}]}},"acf":[],"_links":{"self":[{"href":"https:\/\/www.zlatavaha.cz\/en\/wp-json\/wp\/v2\/pages\/3","targetHints":{"allow":["GET"]}}],"collection":[{"href":"https:\/\/www.zlatavaha.cz\/en\/wp-json\/wp\/v2\/pages"}],"about":[{"href":"https:\/\/www.zlatavaha.cz\/en\/wp-json\/wp\/v2\/types\/page"}],"author":[{"embeddable":true,"href":"https:\/\/www.zlatavaha.cz\/en\/wp-json\/wp\/v2\/users\/119"}],"replies":[{"embeddable":true,"href":"https:\/\/www.zlatavaha.cz\/en\/wp-json\/wp\/v2\/comments?post=3"}],"version-history":[{"count":0,"href":"https:\/\/www.zlatavaha.cz\/en\/wp-json\/wp\/v2\/pages\/3\/revisions"}],"wp:attachment":[{"href":"https:\/\/www.zlatavaha.cz\/en\/wp-json\/wp\/v2\/media?parent=3"}],"curies":[{"name":"wp","href":"https:\/\/api.w.org\/{rel}","templated":true}]}}