{"id":45,"date":"2023-02-24T16:10:04","date_gmt":"2023-02-24T16:10:04","guid":{"rendered":"https:\/\/hotelzlatavaha.ms.decms.eu\/historie\/"},"modified":"2023-03-03T11:23:52","modified_gmt":"2023-03-03T11:23:52","slug":"history","status":"publish","type":"page","link":"https:\/\/www.zlatavaha.cz\/en\/history\/","title":{"rendered":"History"},"content":{"rendered":"<p><span style=\"font-weight: 400;\">History of the square Senov\u00e1\u017en\u00e9 n\u00e1m\u011bst\u00ed goes back to the year 1348, when it was founded in a hamlet called Chudobice as the main square of Nov\u00e9 M\u011bsto (New town) where hay and cerea\u016fs were being sold. On the square, then a market, was also a hay scale, that\u2019s how the name was created (in Czech, hay = seno, scale = v\u00e1ha; Seno &#8211; v\u00e1\u017en\u00e9). The name of the square was changed multiple times over the years. From 1896 it was called Havl\u00ed\u010dek square, Soukup square, Maxim Goeth\u00e9 square and its original name returned no sooner than in 1990.<\/span><\/p>\n<p><span style=\"font-weight: 400;\">The owner of the house and his 2 significant sons.<\/span><\/p>\n<p><span style=\"font-weight: 400;\">The house on Senov\u00e1\u017en\u00e9 n\u00e1m\u011bst\u00ed, 981 was purchased by V\u00e1clav \u0160pott, a storeman who worked on the Fruit market, for 17 000 gold. The then house, owned by \u0160pott was called \u201cU Zlat\u00e9 V\u00e1hy\u201d (\u201cAt the Golden Scale\u201d). It had one floor, it was spacious, it had a large garden and there was free space around the house.<\/span><\/p>\n<p><span style=\"font-weight: 400;\">In the house, 2 sons were born to V\u00e1clav \u0160pott, Karel (1811) and Jan (1813). Both of them were doctors, who were interested in natural therapy and hydrotherapy. Jan was an associate professor at orthopaedics and hydrotherapy at the Charles university and a pioneer of hydrotherapy. Karel founded a somewhat water spa in Pansk\u00e1 T\u00fdnice, where he worked as a district physician and he was also an expert at veterinary medicine.<\/span><\/p>\n","protected":false},"excerpt":{"rendered":"<p>History of the square Senov\u00e1\u017en\u00e9 n\u00e1m\u011bst\u00ed goes back to the year 1348, when it was founded in a hamlet called Chudobice as the main square of Nov\u00e9 M\u011bsto (New town) where hay and cerea\u016fs were being sold. On the square, then a market, was also a hay scale, that\u2019s how the name was created (in [&hellip;]<\/p>\n","protected":false},"author":6,"featured_media":0,"parent":0,"menu_order":30,"comment_status":"closed","ping_status":"closed","template":"","meta":{"footnotes":""},"class_list":["post-45","page","type-page","status-publish","hentry"],"yoast_head":"<!-- This site is optimized with the Yoast SEO plugin v26.9 - https:\/\/yoast.com\/product\/yoast-seo-wordpress\/ -->\n<title>History - Hotel Zlat\u00e1 V\u00e1ha<\/title>\n<meta name=\"description\" content=\"History of the square Senov\u00e1\u017en\u00e9 n\u00e1m\u011bst\u00ed goes back to the year 1348, when it was founded in a hamlet called Chudobice as the main square of Nov\u00e9 M\u011bsto (New town) where hay and cerea\u016fs were being sold. On the square, then a market, was also a hay scale, that\u2019s how the name was created (in Czech, hay = seno, scale = v\u00e1ha; Seno - v\u00e1\u017en\u00e9)\" \/>\n<meta name=\"robots\" content=\"noindex, follow, max-snippet:-1, max-image-preview:large, max-video-preview:-1\" \/>\n<meta property=\"og:locale\" content=\"en_US\" \/>\n<meta property=\"og:type\" content=\"article\" \/>\n<meta property=\"og:title\" content=\"History - Hotel Zlat\u00e1 V\u00e1ha\" \/>\n<meta property=\"og:description\" content=\"History of the square Senov\u00e1\u017en\u00e9 n\u00e1m\u011bst\u00ed goes back to the year 1348, when it was founded in a hamlet called Chudobice as the main square of Nov\u00e9 M\u011bsto (New town) where hay and cerea\u016fs were being sold. On the square, then a market, was also a hay scale, that\u2019s how the name was created (in Czech, hay = seno, scale = v\u00e1ha; Seno - v\u00e1\u017en\u00e9)\" \/>\n<meta property=\"og:url\" content=\"https:\/\/www.zlatavaha.cz\/en\/history\/\" \/>\n<meta property=\"og:site_name\" content=\"Hotel Zlat\u00e1 V\u00e1ha\" \/>\n<meta property=\"article:modified_time\" content=\"2023-03-03T11:23:52+00:00\" \/>\n<meta name=\"twitter:card\" content=\"summary_large_image\" \/>\n<meta name=\"twitter:label1\" content=\"Est. reading time\" \/>\n\t<meta name=\"twitter:data1\" content=\"2 minutes\" \/>\n<script type=\"application\/ld+json\" class=\"yoast-schema-graph\">{\"@context\":\"https:\/\/schema.org\",\"@graph\":[{\"@type\":\"WebPage\",\"@id\":\"https:\/\/www.zlatavaha.cz\/en\/history\/\",\"url\":\"https:\/\/www.zlatavaha.cz\/en\/history\/\",\"name\":\"History - Hotel Zlat\u00e1 V\u00e1ha\",\"isPartOf\":{\"@id\":\"https:\/\/www.zlatavaha.cz\/en\/#website\"},\"datePublished\":\"2023-02-24T16:10:04+00:00\",\"dateModified\":\"2023-03-03T11:23:52+00:00\",\"description\":\"History of the square Senov\u00e1\u017en\u00e9 n\u00e1m\u011bst\u00ed goes back to the year 1348, when it was founded in a hamlet called Chudobice as the main square of Nov\u00e9 M\u011bsto (New town) where hay and cerea\u016fs were being sold. On the square, then a market, was also a hay scale, that\u2019s how the name was created (in Czech, hay = seno, scale = v\u00e1ha; Seno - v\u00e1\u017en\u00e9)\",\"breadcrumb\":{\"@id\":\"https:\/\/www.zlatavaha.cz\/en\/history\/#breadcrumb\"},\"inLanguage\":\"en-US\",\"potentialAction\":[{\"@type\":\"ReadAction\",\"target\":[\"https:\/\/www.zlatavaha.cz\/en\/history\/\"]}]},{\"@type\":\"BreadcrumbList\",\"@id\":\"https:\/\/www.zlatavaha.cz\/en\/history\/#breadcrumb\",\"itemListElement\":[{\"@type\":\"ListItem\",\"position\":1,\"name\":\"Home\",\"item\":\"https:\/\/www.zlatavaha.cz\/en\/\"},{\"@type\":\"ListItem\",\"position\":2,\"name\":\"History\"}]},{\"@type\":\"WebSite\",\"@id\":\"https:\/\/www.zlatavaha.cz\/en\/#website\",\"url\":\"https:\/\/www.zlatavaha.cz\/en\/\",\"name\":\"Hotel Zlat\u00e1 V\u00e1ha\",\"description\":\"\",\"potentialAction\":[{\"@type\":\"SearchAction\",\"target\":{\"@type\":\"EntryPoint\",\"urlTemplate\":\"https:\/\/www.zlatavaha.cz\/en\/?s={search_term_string}\"},\"query-input\":{\"@type\":\"PropertyValueSpecification\",\"valueRequired\":true,\"valueName\":\"search_term_string\"}}],\"inLanguage\":\"en-US\"}]}<\/script>\n<!-- \/ Yoast SEO plugin. -->","yoast_head_json":{"title":"History - Hotel Zlat\u00e1 V\u00e1ha","description":"History of the square Senov\u00e1\u017en\u00e9 n\u00e1m\u011bst\u00ed goes back to the year 1348, when it was founded in a hamlet called Chudobice as the main square of Nov\u00e9 M\u011bsto (New town) where hay and cerea\u016fs were being sold. On the square, then a market, was also a hay scale, that\u2019s how the name was created (in Czech, hay = seno, scale = v\u00e1ha; Seno - v\u00e1\u017en\u00e9)","robots":{"index":"noindex","follow":"follow","max-snippet":"max-snippet:-1","max-image-preview":"max-image-preview:large","max-video-preview":"max-video-preview:-1"},"og_locale":"en_US","og_type":"article","og_title":"History - Hotel Zlat\u00e1 V\u00e1ha","og_description":"History of the square Senov\u00e1\u017en\u00e9 n\u00e1m\u011bst\u00ed goes back to the year 1348, when it was founded in a hamlet called Chudobice as the main square of Nov\u00e9 M\u011bsto (New town) where hay and cerea\u016fs were being sold. On the square, then a market, was also a hay scale, that\u2019s how the name was created (in Czech, hay = seno, scale = v\u00e1ha; Seno - v\u00e1\u017en\u00e9)","og_url":"https:\/\/www.zlatavaha.cz\/en\/history\/","og_site_name":"Hotel Zlat\u00e1 V\u00e1ha","article_modified_time":"2023-03-03T11:23:52+00:00","twitter_card":"summary_large_image","twitter_misc":{"Est. reading time":"2 minutes"},"schema":{"@context":"https:\/\/schema.org","@graph":[{"@type":"WebPage","@id":"https:\/\/www.zlatavaha.cz\/en\/history\/","url":"https:\/\/www.zlatavaha.cz\/en\/history\/","name":"History - Hotel Zlat\u00e1 V\u00e1ha","isPartOf":{"@id":"https:\/\/www.zlatavaha.cz\/en\/#website"},"datePublished":"2023-02-24T16:10:04+00:00","dateModified":"2023-03-03T11:23:52+00:00","description":"History of the square Senov\u00e1\u017en\u00e9 n\u00e1m\u011bst\u00ed goes back to the year 1348, when it was founded in a hamlet called Chudobice as the main square of Nov\u00e9 M\u011bsto (New town) where hay and cerea\u016fs were being sold. On the square, then a market, was also a hay scale, that\u2019s how the name was created (in Czech, hay = seno, scale = v\u00e1ha; Seno - v\u00e1\u017en\u00e9)","breadcrumb":{"@id":"https:\/\/www.zlatavaha.cz\/en\/history\/#breadcrumb"},"inLanguage":"en-US","potentialAction":[{"@type":"ReadAction","target":["https:\/\/www.zlatavaha.cz\/en\/history\/"]}]},{"@type":"BreadcrumbList","@id":"https:\/\/www.zlatavaha.cz\/en\/history\/#breadcrumb","itemListElement":[{"@type":"ListItem","position":1,"name":"Home","item":"https:\/\/www.zlatavaha.cz\/en\/"},{"@type":"ListItem","position":2,"name":"History"}]},{"@type":"WebSite","@id":"https:\/\/www.zlatavaha.cz\/en\/#website","url":"https:\/\/www.zlatavaha.cz\/en\/","name":"Hotel Zlat\u00e1 V\u00e1ha","description":"","potentialAction":[{"@type":"SearchAction","target":{"@type":"EntryPoint","urlTemplate":"https:\/\/www.zlatavaha.cz\/en\/?s={search_term_string}"},"query-input":{"@type":"PropertyValueSpecification","valueRequired":true,"valueName":"search_term_string"}}],"inLanguage":"en-US"}]}},"acf":[],"_links":{"self":[{"href":"https:\/\/www.zlatavaha.cz\/en\/wp-json\/wp\/v2\/pages\/45","targetHints":{"allow":["GET"]}}],"collection":[{"href":"https:\/\/www.zlatavaha.cz\/en\/wp-json\/wp\/v2\/pages"}],"about":[{"href":"https:\/\/www.zlatavaha.cz\/en\/wp-json\/wp\/v2\/types\/page"}],"author":[{"embeddable":true,"href":"https:\/\/www.zlatavaha.cz\/en\/wp-json\/wp\/v2\/users\/6"}],"replies":[{"embeddable":true,"href":"https:\/\/www.zlatavaha.cz\/en\/wp-json\/wp\/v2\/comments?post=45"}],"version-history":[{"count":0,"href":"https:\/\/www.zlatavaha.cz\/en\/wp-json\/wp\/v2\/pages\/45\/revisions"}],"wp:attachment":[{"href":"https:\/\/www.zlatavaha.cz\/en\/wp-json\/wp\/v2\/media?parent=45"}],"curies":[{"name":"wp","href":"https:\/\/api.w.org\/{rel}","templated":true}]}}