{"id":51,"date":"2023-02-24T16:13:39","date_gmt":"2023-02-24T16:13:39","guid":{"rendered":"https:\/\/hotelzlatavaha.ms.decms.eu\/k-videni-v-okoli\/"},"modified":"2023-03-03T11:25:10","modified_gmt":"2023-03-03T11:25:10","slug":"nearby-sights","status":"publish","type":"page","link":"https:\/\/www.zlatavaha.cz\/en\/nearby-sights\/","title":{"rendered":"Nearby Sights"},"content":{"rendered":"<p>The busy centre of Prague, only a couple hundred meters far from the hotel can offer a number of sights: The Wenceslas square is only 500 m away, the Old Town square with the historical astronomical clock circa 850m away, and to reach the Prague castle, you can have a quick walk under 1 hour long (it\u2019s 3 km far)<\/p>\n<p>Even the closest surroundings of the hotel offers many h\u00e1istorical sights, Senov\u00e1\u017en\u00e9 n\u00e1m\u011bst\u00ed, a then home of the Knights of the Cross, vendors and workmen, is today and attractive place full of interesting objects, restaurants and caf\u00e9s.<\/p>\n<p>A dominant feature of the quare is the Saint Henry\u2019s bell tower, a building from late gothic from the 15th century. It is the tallest independently standing bellowert in Prague (65,7m) with the eldest bell in Prague. What is interesting; the bell is called Marioa, it weighs half a ton, it\u2019s from 1518 and the clock in the bell tower works without malfunctions for nearly 450 years. Make sure to stop by on a walk, listen to the chimes, look at the city centre form the tower&#8230;<\/p>\n<p>On the opposite side of the train track, in front of the bell tower, more architectonic masterpieces are situated. One of them is the Saint Henry\u2019s and Saint Kunhuta\u2019s church, a gothic church from the second half of the 14th century. Only a couple of steps further, between the houses in Jerusalem Street, one might bump into the Jubilee synagogue, the biggest and youngest synagogue in Prague. The colorful facade in Art nouveau style makes it impossible to be left unnoticed.<\/p>\n<p>During the visit at Hotel Zlat\u00e1 v\u00e1ha, you can\u2019t miss the small green oasis right in front of the hotel, in the east portion of the square. The dominant element of the park in the middle of the square is a charming fountain known as the Dancing fountain (also called The Czech musicians or Prague Spring). The fountain with dancing bronze statuettes (each of which represents one of the world&#8217;s rivers : Gange, Amazon, Danube, Mississippi and Nile, which is standing aside) was placed on the square after a reconstruction in 2001. The fountain is a work of an academical sculptor Jan Wagner, the statues were made by Anna Chroma.<\/p>\n","protected":false},"excerpt":{"rendered":"<p>The busy centre of Prague, only a couple hundred meters far from the hotel can offer a number of sights: The Wenceslas square is only 500 m away, the Old Town square with the historical astronomical clock circa 850m away, and to reach the Prague castle, you can have a quick walk under 1 hour [&hellip;]<\/p>\n","protected":false},"author":6,"featured_media":0,"parent":0,"menu_order":40,"comment_status":"closed","ping_status":"closed","template":"","meta":{"footnotes":""},"class_list":["post-51","page","type-page","status-publish","hentry"],"yoast_head":"<!-- This site is optimized with the Yoast SEO plugin v26.9 - https:\/\/yoast.com\/product\/yoast-seo-wordpress\/ -->\n<title>Nearby Sights - Hotel Zlat\u00e1 V\u00e1ha<\/title>\n<meta name=\"description\" content=\"The busy centre of Prague, only a couple hundred meters far from the hotel can offer a number of sights: The Wenceslas square is only 500 m away, the Old Town square with the historical astronomical clock circa 850m away, and to reach the Prague castle, you can have a quick walk under 1 hour long (it\u2019s 3 km far)  Even the closest surroundings of the hotel offers many h\u00e1istorical sights, Senov\u00e1\u017en\u00e9 n\u00e1m\u011bst\u00ed, a then home of the Knights of the Cross, vendors and workmen, is today and attractive place full of interesting objects, restaurants and caf\u00e9s.  A dominant feature of the quare is the Saint Henry\u2019s bell tower, a building from late gothic from the 15th century. It is the tallest independently standing bellowert in Prague (65,7m) with the eldest bell in Prague\" \/>\n<meta name=\"robots\" content=\"noindex, follow, max-snippet:-1, max-image-preview:large, max-video-preview:-1\" \/>\n<meta property=\"og:locale\" content=\"en_US\" \/>\n<meta property=\"og:type\" content=\"article\" \/>\n<meta property=\"og:title\" content=\"Nearby Sights - Hotel Zlat\u00e1 V\u00e1ha\" \/>\n<meta property=\"og:description\" content=\"The busy centre of Prague, only a couple hundred meters far from the hotel can offer a number of sights: The Wenceslas square is only 500 m away, the Old Town square with the historical astronomical clock circa 850m away, and to reach the Prague castle, you can have a quick walk under 1 hour long (it\u2019s 3 km far)  Even the closest surroundings of the hotel offers many h\u00e1istorical sights, Senov\u00e1\u017en\u00e9 n\u00e1m\u011bst\u00ed, a then home of the Knights of the Cross, vendors and workmen, is today and attractive place full of interesting objects, restaurants and caf\u00e9s.  A dominant feature of the quare is the Saint Henry\u2019s bell tower, a building from late gothic from the 15th century. It is the tallest independently standing bellowert in Prague (65,7m) with the eldest bell in Prague\" \/>\n<meta property=\"og:url\" content=\"https:\/\/www.zlatavaha.cz\/en\/nearby-sights\/\" \/>\n<meta property=\"og:site_name\" content=\"Hotel Zlat\u00e1 V\u00e1ha\" \/>\n<meta property=\"article:modified_time\" content=\"2023-03-03T11:25:10+00:00\" \/>\n<meta name=\"twitter:card\" content=\"summary_large_image\" \/>\n<meta name=\"twitter:label1\" content=\"Est. reading time\" \/>\n\t<meta name=\"twitter:data1\" content=\"2 minutes\" \/>\n<script type=\"application\/ld+json\" class=\"yoast-schema-graph\">{\"@context\":\"https:\/\/schema.org\",\"@graph\":[{\"@type\":\"WebPage\",\"@id\":\"https:\/\/www.zlatavaha.cz\/en\/nearby-sights\/\",\"url\":\"https:\/\/www.zlatavaha.cz\/en\/nearby-sights\/\",\"name\":\"Nearby Sights - Hotel Zlat\u00e1 V\u00e1ha\",\"isPartOf\":{\"@id\":\"https:\/\/www.zlatavaha.cz\/en\/#website\"},\"datePublished\":\"2023-02-24T16:13:39+00:00\",\"dateModified\":\"2023-03-03T11:25:10+00:00\",\"description\":\"The busy centre of Prague, only a couple hundred meters far from the hotel can offer a number of sights: The Wenceslas square is only 500 m away, the Old Town square with the historical astronomical clock circa 850m away, and to reach the Prague castle, you can have a quick walk under 1 hour long (it\u2019s 3 km far) Even the closest surroundings of the hotel offers many h\u00e1istorical sights, Senov\u00e1\u017en\u00e9 n\u00e1m\u011bst\u00ed, a then home of the Knights of the Cross, vendors and workmen, is today and attractive place full of interesting objects, restaurants and caf\u00e9s. A dominant feature of the quare is the Saint Henry\u2019s bell tower, a building from late gothic from the 15th century. It is the tallest independently standing bellowert in Prague (65,7m) with the eldest bell in Prague\",\"breadcrumb\":{\"@id\":\"https:\/\/www.zlatavaha.cz\/en\/nearby-sights\/#breadcrumb\"},\"inLanguage\":\"en-US\",\"potentialAction\":[{\"@type\":\"ReadAction\",\"target\":[\"https:\/\/www.zlatavaha.cz\/en\/nearby-sights\/\"]}]},{\"@type\":\"BreadcrumbList\",\"@id\":\"https:\/\/www.zlatavaha.cz\/en\/nearby-sights\/#breadcrumb\",\"itemListElement\":[{\"@type\":\"ListItem\",\"position\":1,\"name\":\"Home\",\"item\":\"https:\/\/www.zlatavaha.cz\/en\/\"},{\"@type\":\"ListItem\",\"position\":2,\"name\":\"Nearby Sights\"}]},{\"@type\":\"WebSite\",\"@id\":\"https:\/\/www.zlatavaha.cz\/en\/#website\",\"url\":\"https:\/\/www.zlatavaha.cz\/en\/\",\"name\":\"Hotel Zlat\u00e1 V\u00e1ha\",\"description\":\"\",\"potentialAction\":[{\"@type\":\"SearchAction\",\"target\":{\"@type\":\"EntryPoint\",\"urlTemplate\":\"https:\/\/www.zlatavaha.cz\/en\/?s={search_term_string}\"},\"query-input\":{\"@type\":\"PropertyValueSpecification\",\"valueRequired\":true,\"valueName\":\"search_term_string\"}}],\"inLanguage\":\"en-US\"}]}<\/script>\n<!-- \/ Yoast SEO plugin. -->","yoast_head_json":{"title":"Nearby Sights - Hotel Zlat\u00e1 V\u00e1ha","description":"The busy centre of Prague, only a couple hundred meters far from the hotel can offer a number of sights: The Wenceslas square is only 500 m away, the Old Town square with the historical astronomical clock circa 850m away, and to reach the Prague castle, you can have a quick walk under 1 hour long (it\u2019s 3 km far)  Even the closest surroundings of the hotel offers many h\u00e1istorical sights, Senov\u00e1\u017en\u00e9 n\u00e1m\u011bst\u00ed, a then home of the Knights of the Cross, vendors and workmen, is today and attractive place full of interesting objects, restaurants and caf\u00e9s.  A dominant feature of the quare is the Saint Henry\u2019s bell tower, a building from late gothic from the 15th century. It is the tallest independently standing bellowert in Prague (65,7m) with the eldest bell in Prague","robots":{"index":"noindex","follow":"follow","max-snippet":"max-snippet:-1","max-image-preview":"max-image-preview:large","max-video-preview":"max-video-preview:-1"},"og_locale":"en_US","og_type":"article","og_title":"Nearby Sights - Hotel Zlat\u00e1 V\u00e1ha","og_description":"The busy centre of Prague, only a couple hundred meters far from the hotel can offer a number of sights: The Wenceslas square is only 500 m away, the Old Town square with the historical astronomical clock circa 850m away, and to reach the Prague castle, you can have a quick walk under 1 hour long (it\u2019s 3 km far)  Even the closest surroundings of the hotel offers many h\u00e1istorical sights, Senov\u00e1\u017en\u00e9 n\u00e1m\u011bst\u00ed, a then home of the Knights of the Cross, vendors and workmen, is today and attractive place full of interesting objects, restaurants and caf\u00e9s.  A dominant feature of the quare is the Saint Henry\u2019s bell tower, a building from late gothic from the 15th century. It is the tallest independently standing bellowert in Prague (65,7m) with the eldest bell in Prague","og_url":"https:\/\/www.zlatavaha.cz\/en\/nearby-sights\/","og_site_name":"Hotel Zlat\u00e1 V\u00e1ha","article_modified_time":"2023-03-03T11:25:10+00:00","twitter_card":"summary_large_image","twitter_misc":{"Est. reading time":"2 minutes"},"schema":{"@context":"https:\/\/schema.org","@graph":[{"@type":"WebPage","@id":"https:\/\/www.zlatavaha.cz\/en\/nearby-sights\/","url":"https:\/\/www.zlatavaha.cz\/en\/nearby-sights\/","name":"Nearby Sights - Hotel Zlat\u00e1 V\u00e1ha","isPartOf":{"@id":"https:\/\/www.zlatavaha.cz\/en\/#website"},"datePublished":"2023-02-24T16:13:39+00:00","dateModified":"2023-03-03T11:25:10+00:00","description":"The busy centre of Prague, only a couple hundred meters far from the hotel can offer a number of sights: The Wenceslas square is only 500 m away, the Old Town square with the historical astronomical clock circa 850m away, and to reach the Prague castle, you can have a quick walk under 1 hour long (it\u2019s 3 km far) Even the closest surroundings of the hotel offers many h\u00e1istorical sights, Senov\u00e1\u017en\u00e9 n\u00e1m\u011bst\u00ed, a then home of the Knights of the Cross, vendors and workmen, is today and attractive place full of interesting objects, restaurants and caf\u00e9s. A dominant feature of the quare is the Saint Henry\u2019s bell tower, a building from late gothic from the 15th century. It is the tallest independently standing bellowert in Prague (65,7m) with the eldest bell in Prague","breadcrumb":{"@id":"https:\/\/www.zlatavaha.cz\/en\/nearby-sights\/#breadcrumb"},"inLanguage":"en-US","potentialAction":[{"@type":"ReadAction","target":["https:\/\/www.zlatavaha.cz\/en\/nearby-sights\/"]}]},{"@type":"BreadcrumbList","@id":"https:\/\/www.zlatavaha.cz\/en\/nearby-sights\/#breadcrumb","itemListElement":[{"@type":"ListItem","position":1,"name":"Home","item":"https:\/\/www.zlatavaha.cz\/en\/"},{"@type":"ListItem","position":2,"name":"Nearby Sights"}]},{"@type":"WebSite","@id":"https:\/\/www.zlatavaha.cz\/en\/#website","url":"https:\/\/www.zlatavaha.cz\/en\/","name":"Hotel Zlat\u00e1 V\u00e1ha","description":"","potentialAction":[{"@type":"SearchAction","target":{"@type":"EntryPoint","urlTemplate":"https:\/\/www.zlatavaha.cz\/en\/?s={search_term_string}"},"query-input":{"@type":"PropertyValueSpecification","valueRequired":true,"valueName":"search_term_string"}}],"inLanguage":"en-US"}]}},"acf":[],"_links":{"self":[{"href":"https:\/\/www.zlatavaha.cz\/en\/wp-json\/wp\/v2\/pages\/51","targetHints":{"allow":["GET"]}}],"collection":[{"href":"https:\/\/www.zlatavaha.cz\/en\/wp-json\/wp\/v2\/pages"}],"about":[{"href":"https:\/\/www.zlatavaha.cz\/en\/wp-json\/wp\/v2\/types\/page"}],"author":[{"embeddable":true,"href":"https:\/\/www.zlatavaha.cz\/en\/wp-json\/wp\/v2\/users\/6"}],"replies":[{"embeddable":true,"href":"https:\/\/www.zlatavaha.cz\/en\/wp-json\/wp\/v2\/comments?post=51"}],"version-history":[{"count":0,"href":"https:\/\/www.zlatavaha.cz\/en\/wp-json\/wp\/v2\/pages\/51\/revisions"}],"wp:attachment":[{"href":"https:\/\/www.zlatavaha.cz\/en\/wp-json\/wp\/v2\/media?parent=51"}],"curies":[{"name":"wp","href":"https:\/\/api.w.org\/{rel}","templated":true}]}}