{"id":8,"date":"2023-02-24T15:50:02","date_gmt":"2023-02-24T15:50:02","guid":{"rendered":"https:\/\/hotelzlatavaha.ms.decms.eu\/kontakty\/"},"modified":"2023-03-03T11:27:12","modified_gmt":"2023-03-03T11:27:12","slug":"contact-us","status":"publish","type":"page","link":"https:\/\/www.zlatavaha.cz\/en\/contact-us\/","title":{"rendered":"Contact Us"},"content":{"rendered":"<p>Managed by<\/p>\n<p>Dracho s.r.o.<br \/>\nSenov\u00e1\u017en\u00e9 n\u00e1m\u011bst\u00ed 981\/21, Praha 1, 110 00, \u010cR<\/p>\n<p><span style=\"font-weight: 400;\">IN<\/span>: 25579746<\/p>\n<p>The company is registered at the commercial court in Prague, section C, insertion 182239<br \/>\nProtection of personal data<\/p>\n<p>Pursuant to the Act on Registration of Sales, the salesperson is obliged to issue a receipt to the buyer. Sales must be registered to the tax authority online; in case of a technical failure this must be done within 48 hours.<\/p>\n<p>\u24b8 2018 ZLAT\u00c1 V\u00c1HA<\/p>\n","protected":false},"excerpt":{"rendered":"<p>Managed by Dracho s.r.o. Senov\u00e1\u017en\u00e9 n\u00e1m\u011bst\u00ed 981\/21, Praha 1, 110 00, \u010cR IN: 25579746 The company is registered at the commercial court in Prague, section C, insertion 182239 Protection of personal data Pursuant to the Act on Registration of Sales, the salesperson is obliged to issue a receipt to the buyer. Sales must be registered [&hellip;]<\/p>\n","protected":false},"author":6,"featured_media":0,"parent":0,"menu_order":100,"comment_status":"closed","ping_status":"closed","template":"template-contacts.php","meta":{"footnotes":""},"class_list":["post-8","page","type-page","status-publish","hentry"],"yoast_head":"<!-- This site is optimized with the Yoast SEO plugin v26.9 - https:\/\/yoast.com\/product\/yoast-seo-wordpress\/ -->\n<title>Contact Us - Hotel Zlat\u00e1 V\u00e1ha<\/title>\n<meta name=\"description\" content=\"Managed by  Dracho s.r.o. Senov\u00e1\u017en\u00e9 n\u00e1m\u011bst\u00ed 981\/21, Praha 1, 110 00, \u010cR  IN: 25579746  The company is registered at the commercial court in Prague, section C, insertion 182239 Protection of personal data  Pursuant to the Act on Registration of Sales, the salesperson is obliged to issue a receipt to the buyer. Sales must be registered to the tax authority online; in case of a technical failure this must be done within 48 hours.  \u24b8 2018 ZLAT\u00c1 V\u00c1HA\" \/>\n<meta name=\"robots\" content=\"noindex, follow, max-snippet:-1, max-image-preview:large, max-video-preview:-1\" \/>\n<meta property=\"og:locale\" content=\"en_US\" \/>\n<meta property=\"og:type\" content=\"article\" \/>\n<meta property=\"og:title\" content=\"Contact Us - Hotel Zlat\u00e1 V\u00e1ha\" \/>\n<meta property=\"og:description\" content=\"Managed by  Dracho s.r.o. Senov\u00e1\u017en\u00e9 n\u00e1m\u011bst\u00ed 981\/21, Praha 1, 110 00, \u010cR  IN: 25579746  The company is registered at the commercial court in Prague, section C, insertion 182239 Protection of personal data  Pursuant to the Act on Registration of Sales, the salesperson is obliged to issue a receipt to the buyer. Sales must be registered to the tax authority online; in case of a technical failure this must be done within 48 hours.  \u24b8 2018 ZLAT\u00c1 V\u00c1HA\" \/>\n<meta property=\"og:url\" content=\"https:\/\/www.zlatavaha.cz\/en\/contact-us\/\" \/>\n<meta property=\"og:site_name\" content=\"Hotel Zlat\u00e1 V\u00e1ha\" \/>\n<meta property=\"article:modified_time\" content=\"2023-03-03T11:27:12+00:00\" \/>\n<meta name=\"twitter:card\" content=\"summary_large_image\" \/>\n<meta name=\"twitter:label1\" content=\"Est. reading time\" \/>\n\t<meta name=\"twitter:data1\" content=\"1 minute\" \/>\n<script type=\"application\/ld+json\" class=\"yoast-schema-graph\">{\"@context\":\"https:\/\/schema.org\",\"@graph\":[{\"@type\":\"WebPage\",\"@id\":\"https:\/\/www.zlatavaha.cz\/en\/contact-us\/\",\"url\":\"https:\/\/www.zlatavaha.cz\/en\/contact-us\/\",\"name\":\"Contact Us - Hotel Zlat\u00e1 V\u00e1ha\",\"isPartOf\":{\"@id\":\"https:\/\/www.zlatavaha.cz\/en\/#website\"},\"datePublished\":\"2023-02-24T15:50:02+00:00\",\"dateModified\":\"2023-03-03T11:27:12+00:00\",\"description\":\"Managed by Dracho s.r.o. Senov\u00e1\u017en\u00e9 n\u00e1m\u011bst\u00ed 981\/21, Praha 1, 110 00, \u010cR IN: 25579746 The company is registered at the commercial court in Prague, section C, insertion 182239 Protection of personal data Pursuant to the Act on Registration of Sales, the salesperson is obliged to issue a receipt to the buyer. Sales must be registered to the tax authority online; in case of a technical failure this must be done within 48 hours. \u24b8 2018 ZLAT\u00c1 V\u00c1HA\",\"breadcrumb\":{\"@id\":\"https:\/\/www.zlatavaha.cz\/en\/contact-us\/#breadcrumb\"},\"inLanguage\":\"en-US\",\"potentialAction\":[{\"@type\":\"ReadAction\",\"target\":[\"https:\/\/www.zlatavaha.cz\/en\/contact-us\/\"]}]},{\"@type\":\"BreadcrumbList\",\"@id\":\"https:\/\/www.zlatavaha.cz\/en\/contact-us\/#breadcrumb\",\"itemListElement\":[{\"@type\":\"ListItem\",\"position\":1,\"name\":\"Home\",\"item\":\"https:\/\/www.zlatavaha.cz\/en\/\"},{\"@type\":\"ListItem\",\"position\":2,\"name\":\"Contact Us\"}]},{\"@type\":\"WebSite\",\"@id\":\"https:\/\/www.zlatavaha.cz\/en\/#website\",\"url\":\"https:\/\/www.zlatavaha.cz\/en\/\",\"name\":\"Hotel Zlat\u00e1 V\u00e1ha\",\"description\":\"\",\"potentialAction\":[{\"@type\":\"SearchAction\",\"target\":{\"@type\":\"EntryPoint\",\"urlTemplate\":\"https:\/\/www.zlatavaha.cz\/en\/?s={search_term_string}\"},\"query-input\":{\"@type\":\"PropertyValueSpecification\",\"valueRequired\":true,\"valueName\":\"search_term_string\"}}],\"inLanguage\":\"en-US\"}]}<\/script>\n<!-- \/ Yoast SEO plugin. -->","yoast_head_json":{"title":"Contact Us - Hotel Zlat\u00e1 V\u00e1ha","description":"Managed by  Dracho s.r.o. Senov\u00e1\u017en\u00e9 n\u00e1m\u011bst\u00ed 981\/21, Praha 1, 110 00, \u010cR  IN: 25579746  The company is registered at the commercial court in Prague, section C, insertion 182239 Protection of personal data  Pursuant to the Act on Registration of Sales, the salesperson is obliged to issue a receipt to the buyer. Sales must be registered to the tax authority online; in case of a technical failure this must be done within 48 hours.  \u24b8 2018 ZLAT\u00c1 V\u00c1HA","robots":{"index":"noindex","follow":"follow","max-snippet":"max-snippet:-1","max-image-preview":"max-image-preview:large","max-video-preview":"max-video-preview:-1"},"og_locale":"en_US","og_type":"article","og_title":"Contact Us - Hotel Zlat\u00e1 V\u00e1ha","og_description":"Managed by  Dracho s.r.o. Senov\u00e1\u017en\u00e9 n\u00e1m\u011bst\u00ed 981\/21, Praha 1, 110 00, \u010cR  IN: 25579746  The company is registered at the commercial court in Prague, section C, insertion 182239 Protection of personal data  Pursuant to the Act on Registration of Sales, the salesperson is obliged to issue a receipt to the buyer. Sales must be registered to the tax authority online; in case of a technical failure this must be done within 48 hours.  \u24b8 2018 ZLAT\u00c1 V\u00c1HA","og_url":"https:\/\/www.zlatavaha.cz\/en\/contact-us\/","og_site_name":"Hotel Zlat\u00e1 V\u00e1ha","article_modified_time":"2023-03-03T11:27:12+00:00","twitter_card":"summary_large_image","twitter_misc":{"Est. reading time":"1 minute"},"schema":{"@context":"https:\/\/schema.org","@graph":[{"@type":"WebPage","@id":"https:\/\/www.zlatavaha.cz\/en\/contact-us\/","url":"https:\/\/www.zlatavaha.cz\/en\/contact-us\/","name":"Contact Us - Hotel Zlat\u00e1 V\u00e1ha","isPartOf":{"@id":"https:\/\/www.zlatavaha.cz\/en\/#website"},"datePublished":"2023-02-24T15:50:02+00:00","dateModified":"2023-03-03T11:27:12+00:00","description":"Managed by Dracho s.r.o. Senov\u00e1\u017en\u00e9 n\u00e1m\u011bst\u00ed 981\/21, Praha 1, 110 00, \u010cR IN: 25579746 The company is registered at the commercial court in Prague, section C, insertion 182239 Protection of personal data Pursuant to the Act on Registration of Sales, the salesperson is obliged to issue a receipt to the buyer. Sales must be registered to the tax authority online; in case of a technical failure this must be done within 48 hours. \u24b8 2018 ZLAT\u00c1 V\u00c1HA","breadcrumb":{"@id":"https:\/\/www.zlatavaha.cz\/en\/contact-us\/#breadcrumb"},"inLanguage":"en-US","potentialAction":[{"@type":"ReadAction","target":["https:\/\/www.zlatavaha.cz\/en\/contact-us\/"]}]},{"@type":"BreadcrumbList","@id":"https:\/\/www.zlatavaha.cz\/en\/contact-us\/#breadcrumb","itemListElement":[{"@type":"ListItem","position":1,"name":"Home","item":"https:\/\/www.zlatavaha.cz\/en\/"},{"@type":"ListItem","position":2,"name":"Contact Us"}]},{"@type":"WebSite","@id":"https:\/\/www.zlatavaha.cz\/en\/#website","url":"https:\/\/www.zlatavaha.cz\/en\/","name":"Hotel Zlat\u00e1 V\u00e1ha","description":"","potentialAction":[{"@type":"SearchAction","target":{"@type":"EntryPoint","urlTemplate":"https:\/\/www.zlatavaha.cz\/en\/?s={search_term_string}"},"query-input":{"@type":"PropertyValueSpecification","valueRequired":true,"valueName":"search_term_string"}}],"inLanguage":"en-US"}]}},"acf":[],"_links":{"self":[{"href":"https:\/\/www.zlatavaha.cz\/en\/wp-json\/wp\/v2\/pages\/8","targetHints":{"allow":["GET"]}}],"collection":[{"href":"https:\/\/www.zlatavaha.cz\/en\/wp-json\/wp\/v2\/pages"}],"about":[{"href":"https:\/\/www.zlatavaha.cz\/en\/wp-json\/wp\/v2\/types\/page"}],"author":[{"embeddable":true,"href":"https:\/\/www.zlatavaha.cz\/en\/wp-json\/wp\/v2\/users\/6"}],"replies":[{"embeddable":true,"href":"https:\/\/www.zlatavaha.cz\/en\/wp-json\/wp\/v2\/comments?post=8"}],"version-history":[{"count":0,"href":"https:\/\/www.zlatavaha.cz\/en\/wp-json\/wp\/v2\/pages\/8\/revisions"}],"wp:attachment":[{"href":"https:\/\/www.zlatavaha.cz\/en\/wp-json\/wp\/v2\/media?parent=8"}],"curies":[{"name":"wp","href":"https:\/\/api.w.org\/{rel}","templated":true}]}}